{"id":118,"date":"2014-11-14T08:50:50","date_gmt":"2014-11-14T08:50:50","guid":{"rendered":"http:\/\/www.deeperinfo.com\/gonks-fran-boden\/?page_id=118"},"modified":"2014-11-14T18:18:07","modified_gmt":"2014-11-14T18:18:07","slug":"gonks-med-turnebilen","status":"publish","type":"page","link":"https:\/\/deeperinfo.com\/gonks-fran-boden\/gonks-med-turnebilen\/","title":{"rendered":"Gonks med turn\u00e9bilen"},"content":{"rendered":"<p style=\"text-align: center;\"><img loading=\"lazy\" decoding=\"async\" class=\"aligncenter size-full wp-image-123\" src=\"https:\/\/deeperinfo.com\/gonks-fran-boden\/wp-content\/uploads\/2014\/11\/gonks-hattbilden2-3.jpg\" alt=\"gonks pop-band\" width=\"610\" height=\"458\" srcset=\"https:\/\/deeperinfo.com\/gonks-fran-boden\/wp-content\/uploads\/2014\/11\/gonks-hattbilden2-3.jpg 610w, https:\/\/deeperinfo.com\/gonks-fran-boden\/wp-content\/uploads\/2014\/11\/gonks-hattbilden2-3-300x225.jpg 300w, https:\/\/deeperinfo.com\/gonks-fran-boden\/wp-content\/uploads\/2014\/11\/gonks-hattbilden2-3-399x300.jpg 399w\" sizes=\"auto, (max-width: 610px) 100vw, 610px\" \/><\/p>\n<p style=\"text-align: center;\"><span style=\"font-size: 14pt;\"><strong><span style=\"font-family: arial,helvetica,sans-serif;\">Gonks med nya Turn\u00e9bilen<\/span><\/strong><\/span><\/p>\n<p style=\"text-align: left;\"><strong><span style=\"font-family: arial,helvetica,sans-serif; font-size: 12pt;\">Folka-bussen som vi tidigare anv\u00e4nt gick ur tj\u00e4nst efter en strapatsrik turn\u00e9 i norrbottens-kylan under en iskall vinter. Lasses far st\u00e4llde sin stiliga marinbl\u00e5 Opel Kapit\u00e4n (bilden) till f\u00f6rfogande och alla transportproblem var v\u00e4ck. Snabbt kunde vi komma till spelningarna och inte beh\u00f6vde vi frysa heller.<\/span><\/strong><\/p>\n<p><strong><span style=\"font-family: arial,helvetica,sans-serif; font-size: 12pt;\">Gonks &#8211; Scenkl\u00e4der<\/span><\/strong><\/p>\n<p><em><span style=\"font-family: arial,helvetica,sans-serif; font-size: 12pt;\">Gonks hade fr\u00e5n b\u00f6rjan en v\u00e4ldigt strikt kl\u00e4dkod, liksom de flesta popband i b\u00f6rjan av pop-eran p\u00e5 60-talet. Vi upptr\u00e4dde i h\u00e4ftiga svarta <strong>manschesterkostymer<\/strong> med orangef\u00e4rgade skjortor ink\u00f6pta p\u00e5 <strong>Junior Center<\/strong> i Boden. Vi var inte s\u00e5 noga med pressvecken men kavajerna d\u00e4remot behandlades som dyrgripar och fick inte ha minsta veck.<\/span><\/em><\/p>\n<p><span style=\"font-family: arial,helvetica,sans-serif; font-size: 12pt;\">Det fria kl\u00e4dvalet inf\u00f6rdes i Europa med den engelska designern <strong><a href=\"http:\/\/en.wikipedia.org\/wiki\/Mary_Quant\" target=\"_blank\">Mary Quant<\/a><\/strong> i speten. N\u00e4r Gonks blev husband p\u00e5 <strong>Art-Club<\/strong> i Boden h\u00f6sten 1966 s\u00e5 skrotades kostymerna och vi upptr\u00e4dde mer och mer i privata kl\u00e4der.<\/span><\/p>\n<p><strong><span style=\"font-family: arial,helvetica,sans-serif; font-size: 12pt;\">Kl\u00e4dmodet p\u00e5 1960-talet<\/span><\/strong><\/p>\n<p><span style=\"font-family: arial,helvetica,sans-serif; font-size: 12pt;\">May Quant inf\u00f6rde minimodet med kjolarna som blev betydligt kortare och kombinerades med f\u00e4rgglada stumpbyxor. Hennes Vidal Sassoon-klippning typ st\u00f6rtkruka slog igenom. Favoritmascaran f\u00f6r tjejerna i Boden var Perplex och deras l\u00e4ppar var t\u00e4ckta med Shantung 23. Sara Lidman predikade fred och radions Tio-i-topp klockan 15:00 p\u00e5 l\u00f6rdagarna var konstant inbokad, liksom Kv\u00e4llstoppen p\u00e5 s\u00f6ndagskv\u00e4llarna.<br \/>\n<\/span><\/p>\n<p><strong><span style=\"font-family: arial,helvetica,sans-serif; font-size: 12pt;\">K\u00f6pa Jeans i Boden<\/span><\/strong><\/p>\n<p><span style=\"font-family: arial,helvetica,sans-serif; font-size: 12pt;\">Jeansen hade b\u00f6rjat sitt segert\u00e5g \u00f6ver v\u00e4rlden och n\u00e5dde \u00e4ven avl\u00e4gsna Boden i Norrbotten. Inhandlades p\u00e5 <strong>G\u00f6stas,<\/strong> <strong>Hans\u00e9ns Kl\u00e4der, \u00c5kerlunds<\/strong> eller <strong>Junior Center<\/strong> som alla fyra l\u00e5g vid <strong>Wallstr\u00f6ms H\u00f6rna<\/strong> centralt i Boden.<\/span><\/p>\n<p><span style=\"font-family: arial,helvetica,sans-serif; font-size: 12pt;\">\u00c5kte man ner till Stockholm s\u00e5 var det endast Impo p\u00e5 Gamla Brogatan som var aktuell n\u00e4r det g\u00e4llde jeansink\u00f6p. Ett nytt svensk jeansm\u00e4rke, <strong><a href=\"http:\/\/sv.wikipedia.org\/wiki\/Gul_%26_Bl%C3%A5\" target=\"_blank\">Gul &amp; Bl\u00e5<\/a><\/strong>, g\u00f6r sitt int\u00e5g 1966 och b\u00f6rjar konkurrera med de amerikanska j\u00e4ttarna. Namnet bar dock en klar t\u00f6nt-st\u00e4mpel och ingen popmusiker i Boden med lite sj\u00e4lvaktning \u00e5ker ner till Stockholm f\u00f6r ink\u00f6p av dessa jeans. Gul &amp; Bl\u00e5-jeansen f\u00e5r dock ett rej\u00e4lt uppsving i b\u00f6rjan p\u00e5 70-talet.<br \/>\n<\/span><\/p>\n<p><span style=\"font-family: arial,helvetica,sans-serif; font-size: 12pt;\">Det var bara tre jeansm\u00e4rken som accepterades av ungdomarna i Boden vid denna tid; <strong>Levis<\/strong>, <strong>Lee<\/strong> eller <strong>Wrangler<\/strong>. Spanska Lois hade inte kommit till Boden \u00e4nnu och konsumjeansen var uteslutna i popkretsar.<\/span><\/p>\n<p><strong><span style=\"font-family: arial,helvetica,sans-serif; font-size: 12pt;\">Gonks Kl\u00e4der<\/span><\/strong><\/p>\n<p><span style=\"font-family: arial,helvetica,sans-serif; font-size: 12pt;\">F\u00f6r oss grabbar i Gonks var det t\u00e4ckjacka, parkas eller skepparkavaj som g\u00e4llde, svart eller marinbl\u00e5, men \u00e4ven <strong>US Army-parkasen<\/strong> letade sig upp till Boden. D\u00e4rtill m\u00f6rka gummist\u00f6vlar med <strong>nedvikta skaft<\/strong> som \u00e4ven g\u00e4llde f\u00f6r tjejerna, men d\u00e5 skulle st\u00f6vlarna vara vita. H\u00e4rliga varma lofers var fortfarande var mans egendom.<br \/>\n<\/span><\/p>\n<p><span style=\"font-family: arial,helvetica,sans-serif; font-size: 12pt;\">D\u00e5tidens popstj\u00e4rnor blir stilikoner och trendbildare. Musikerna i Beatles med fr\u00e4mst John Lennon i spetsen blev riktiga skyltdockor,\u00a0 \u00c4ven andra som Bob Dylan, Janis Joplin och Jimi Hendrix styr modet i alla m\u00f6jliga riktningar. <strong><a href=\"http:\/\/minnenasjournal.nu\/modsen-chockade-vuxenvarlden\/\" target=\"_blank\">Modsen<\/a><\/strong> dyker upp i en ganska varierad k\u00e4dstil men ofta i eleganta kostymer och smal slips oftast tillverkade i l\u00e4der, hippiefolket ansluter under 1966 i f\u00e4rgglad batik.<\/span><\/p>\n<p><span style=\"font-family: arial,helvetica,sans-serif; font-size: 12pt;\">Hippies uppstod ju i USA 1966 och den sk. <strong>hippier\u00f6relsen<\/strong> kom fr\u00e4mst fr\u00e5n San Francisco och var en reaktion mot kommersialism, krig och statusjakt. &#8220;Peace&#8221; och &#8220;Love&#8221; blev ord som spred sig \u00f6ver v\u00e4rlden som en l\u00f6peld, \u00e4ven till milit\u00e4rstaden Boden.<\/span><\/p>\n<p><span style=\"font-family: arial,helvetica,sans-serif; font-size: 12pt;\">Helt pl\u00f6tsligt s\u00e5 fick en ny generation upp \u00f6gon f\u00f6r Indien och dess kultur d\u00e4r framf\u00f6rallt George Harrison i Beatles skapade modeinfluenser. Ur hippier\u00f6relsen uppstod ett nytt mode med <strong>unisex<\/strong> som ledord. Jeansen blev lite vidare nedtill och skinnv\u00e4star med broderier allt vanligare.<\/span><\/p>\n<p><span style=\"font-family: arial,helvetica,sans-serif; font-size: 12pt;\">Under dessa \u00e5r blev <strong>herrmodet<\/strong> betydligt roligare och mer f\u00e4rgglatt. Skjortor i roliga m\u00f6nster och material ersatte det mer strikta 50-talsmodet. \u00c4ven hattar av olika slag fick en kort glansperiod under denna tid.<\/span><\/p>\n<p><span style=\"font-family: arial,helvetica,sans-serif; font-size: 12pt;\">Bilden ovan \u00e4r bevis f\u00f6r att Gonks inte kunde motst\u00e5 frestelsen av modets nycker. Kanske med undantag av Tommy f\u00f6rst\u00e5s som st\u00e5tar i ett annat av d\u00e5tidens popul\u00e4ra plagg, polotr\u00f6jan.<\/span><\/p>\n<p><span style=\"background-color: #ffff00;\"><strong><span style=\"font-family: arial,helvetica,sans-serif; font-size: 12pt;\">Undrar du var bilden \u00e4r tagen &#8211; det undrar vi ocks\u00e5?<\/span><\/strong><\/span><\/p>\n<hr \/>\n<p>&nbsp;<\/p>\n","protected":false},"excerpt":{"rendered":"<p>Gonks med nya Turn\u00e9bilen Folka-bussen som vi tidigare anv\u00e4nt gick ur tj\u00e4nst efter en strapatsrik turn\u00e9 i norrbottens-kylan under en iskall vinter. Lasses far st\u00e4llde sin stiliga marinbl\u00e5 Opel Kapit\u00e4n (bilden) till f\u00f6rfogande och alla transportproblem var v\u00e4ck. Snabbt kunde &hellip; <a class=\"more-link\" href=\"https:\/\/deeperinfo.com\/gonks-fran-boden\/gonks-med-turnebilen\/\">Continue reading <span class=\"meta-nav\">&rarr;<\/span><\/a><\/p>\n","protected":false},"author":1,"featured_media":0,"parent":0,"menu_order":0,"comment_status":"open","ping_status":"open","template":"","meta":{"footnotes":""},"class_list":["post-118","page","type-page","status-publish","hentry"],"aioseo_notices":[],"_links":{"self":[{"href":"https:\/\/deeperinfo.com\/gonks-fran-boden\/wp-json\/wp\/v2\/pages\/118","targetHints":{"allow":["GET"]}}],"collection":[{"href":"https:\/\/deeperinfo.com\/gonks-fran-boden\/wp-json\/wp\/v2\/pages"}],"about":[{"href":"https:\/\/deeperinfo.com\/gonks-fran-boden\/wp-json\/wp\/v2\/types\/page"}],"author":[{"embeddable":true,"href":"https:\/\/deeperinfo.com\/gonks-fran-boden\/wp-json\/wp\/v2\/users\/1"}],"replies":[{"embeddable":true,"href":"https:\/\/deeperinfo.com\/gonks-fran-boden\/wp-json\/wp\/v2\/comments?post=118"}],"version-history":[{"count":38,"href":"https:\/\/deeperinfo.com\/gonks-fran-boden\/wp-json\/wp\/v2\/pages\/118\/revisions"}],"predecessor-version":[{"id":295,"href":"https:\/\/deeperinfo.com\/gonks-fran-boden\/wp-json\/wp\/v2\/pages\/118\/revisions\/295"}],"wp:attachment":[{"href":"https:\/\/deeperinfo.com\/gonks-fran-boden\/wp-json\/wp\/v2\/media?parent=118"}],"curies":[{"name":"wp","href":"https:\/\/api.w.org\/{rel}","templated":true}]}}