{"id":180,"date":"2014-11-06T13:24:34","date_gmt":"2014-11-06T13:24:34","guid":{"rendered":"http:\/\/www.deeperinfo.com\/gonks-fran-boden\/?page_id=180"},"modified":"2014-12-01T20:59:26","modified_gmt":"2014-12-01T20:59:26","slug":"lennart-lindbloms-orkester","status":"publish","type":"page","link":"https:\/\/deeperinfo.com\/gonks-fran-boden\/lennart-lindbloms-orkester\/","title":{"rendered":"Lennart Lindbloms Orkester"},"content":{"rendered":"<p style=\"text-align: center;\"><img loading=\"lazy\" decoding=\"async\" class=\"aligncenter size-full wp-image-183\" src=\"https:\/\/deeperinfo.com\/gonks-fran-boden\/wp-content\/uploads\/2014\/11\/lennart.lindbloms1949-001.jpg\" alt=\"lennart lindbloms orkester\" width=\"600\" height=\"345\" srcset=\"https:\/\/deeperinfo.com\/gonks-fran-boden\/wp-content\/uploads\/2014\/11\/lennart.lindbloms1949-001.jpg 600w, https:\/\/deeperinfo.com\/gonks-fran-boden\/wp-content\/uploads\/2014\/11\/lennart.lindbloms1949-001-300x172.jpg 300w, https:\/\/deeperinfo.com\/gonks-fran-boden\/wp-content\/uploads\/2014\/11\/lennart.lindbloms1949-001-500x287.jpg 500w\" sizes=\"auto, (max-width: 600px) 100vw, 600px\" \/><\/p>\n<p style=\"text-align: center;\">Lennart Lindbloms Orkester; Lennart med kontrabasen<\/p>\n<p><em><span class=\"Rub5\"><strong>Lennart Lindblom<\/strong><\/span><\/em><\/p>\n<p><em>En ov\u00e4rderlig energi laddat tillskott i stadens musikhistoria intr\u00e4ffade n\u00e4r el teknikern och musikern Lennart Lindblom \u00e5r 1940, flyttade upp fr\u00e5n Medelpad till Boden. Lindblom, sj\u00e4lv son till en bygdespelman, spelade de flesta instrument men i synnerhet fiol, bas, gitarr och dragspel.<\/em><br \/>\n<em> Redan ett par \u00e5r senare bildades orkestern &#8220;<strong>Boden Swing<\/strong>&#8221; till konkurrerande &#8220;<strong>Embassy<\/strong>&#8220;. De i staden aktiva men storleksm\u00e4ssigt mindre bandens musiker \u00e5terfanns ganska snart hos dessa huvudakt\u00f6rer.<\/em><\/p>\n<p><em>Musikertidningen Estrad fr\u00e5n 1943 beskriver g\u00e4nget i &#8220;Boden Swing&#8221; enligt f\u00f6ljande: Lennart Lindblom, gitarr, violin, Sven S\u00f6derman, piano, Harry Asp, klarinett och saxofon, Stig Engstr\u00f6m, trumpet, Bertil Hallin, dragspel, Bror Wallmark, bas. <\/em><\/p>\n<p><em>Under beredskaps\u00e5ret 1943 hade orkestern under en period fin f\u00f6rst\u00e4rkning i form till Boden inkallade soldaten G\u00f6sta &#8220;smyget&#8221; Redlig, skicklig trumpetare fr\u00e5n bland annat Arne H\u00fclphers k\u00e4nda orkester.<\/em><\/p>\n<p><em><span class=\"Rub5\"><strong>Musikaff\u00e4r<\/strong><\/span><\/em><\/p>\n<p><em>N\u00e5got \u00e5r senare hade bl\u00e5ssektionen \u00e4ndrats till att omfatta Per Rutqvist, Bror Zachrison, Kurt R\u00e5berg och Sune Lindstr\u00f6m p\u00e5 saxofon. P\u00e5 trumpet \u00e5terfanns bland annat Rune Masman och Patrik Sundkvist. Trombonisten hette G\u00f6te Olsson. Kapellm\u00e4staren sj\u00e4lv spelade nu kontrabas. Av dessa tillh\u00f6rde \u00e5tminstone R\u00e5berg milit\u00e4rmusiken.<\/em><\/p>\n<p><em>1953 \u00f6ppnade Lindblom en v\u00e4lrenommerad <strong>musikaff\u00e4r<\/strong> i Boden med s\u00e5v\u00e4l instrument som skivor. Orkestern, nu under namnet Lennart Lindbloms blev v\u00e4lk\u00e4nd i hela l\u00e4net och var n\u00e5got av husband vid <strong>Bodens Folkets hus<\/strong>.<\/em><\/p>\n<p><em>I Boden var det naturligt att han kom i kontakt med musikintresserade ungdomar, s\u00e5v\u00e4l genom firman, som sitt engagemang i <strong>musikerf\u00f6rbundet<\/strong> och <strong>Bodens orkesterf\u00f6rening<\/strong>. Rune Isberg, vid det h\u00e4r tillf\u00e4llet vid pianot, har p\u00e5passligt tagit upp p\u00e5 tape, n\u00e4r bodensaren <strong>Gunnar Viklund<\/strong> \u00e5r 1955 som s\u00e5ngare medverkar vid en jul skylts\u00f6ndag i butiken. Vid samma tillf\u00e4lle presenteras tv\u00e5 unga saxofontjejer i 12-13 \u00e5rs \u00e5lder, n\u00e4mligen <strong>Kerstin Olsson<\/strong> och <strong>Gunilla Ask<\/strong>. Den senare kom att ing\u00e5 i saxofonsektionen i pappa Holger Ask\u00b4s egen orkester &#8220;Tone Stars&#8221;. <\/em><\/p>\n<p><em>Lindblom engagerade g\u00e4rna unga s\u00e5ngf\u00f6rm\u00e5gor, och hade under l\u00e5ng tid idag v\u00e4lk\u00e4nda <strong>Rose Marie Thess\u00e9n<\/strong> liksom \u00e4ven en annan Bodenflicka, <strong>May-Britt Stenman<\/strong> i orkestern. <\/em><\/p>\n<p><em>Lindbloms orkester var verksam i ytterligare m\u00e5nga \u00e5r om \u00e4n med enstaka f\u00f6r\u00e4ndringar. I bandet har ut\u00f6ver uppr\u00e4knade namn exempelvis ing\u00e5tt <strong>PG R\u00e5berg<\/strong> och <strong>Bj\u00f6rn Gedda<\/strong> och fick Lindblom h\u00f6ra att det fanns i Boden n\u00e5gon v\u00e4rnpliktig musiker av klass &#8220;f\u00e5ngades&#8221; denne upp till att vara med p\u00e5 spelningar.<\/em><br \/>\n&nbsp;<br \/>\nText: Walter Grape, Boden<\/p>\n<hr \/>\n<p>&nbsp;<\/p>\n<p>&nbsp;<\/p>\n","protected":false},"excerpt":{"rendered":"<p>Lennart Lindbloms Orkester; Lennart med kontrabasen Lennart Lindblom En ov\u00e4rderlig energi laddat tillskott i stadens musikhistoria intr\u00e4ffade n\u00e4r el teknikern och musikern Lennart Lindblom \u00e5r 1940, flyttade upp fr\u00e5n Medelpad till Boden. Lindblom, sj\u00e4lv son till en bygdespelman, spelade de &hellip; <a class=\"more-link\" href=\"https:\/\/deeperinfo.com\/gonks-fran-boden\/lennart-lindbloms-orkester\/\">Continue reading <span class=\"meta-nav\">&rarr;<\/span><\/a><\/p>\n","protected":false},"author":1,"featured_media":0,"parent":0,"menu_order":0,"comment_status":"open","ping_status":"open","template":"","meta":{"footnotes":""},"class_list":["post-180","page","type-page","status-publish","hentry"],"aioseo_notices":[],"_links":{"self":[{"href":"https:\/\/deeperinfo.com\/gonks-fran-boden\/wp-json\/wp\/v2\/pages\/180","targetHints":{"allow":["GET"]}}],"collection":[{"href":"https:\/\/deeperinfo.com\/gonks-fran-boden\/wp-json\/wp\/v2\/pages"}],"about":[{"href":"https:\/\/deeperinfo.com\/gonks-fran-boden\/wp-json\/wp\/v2\/types\/page"}],"author":[{"embeddable":true,"href":"https:\/\/deeperinfo.com\/gonks-fran-boden\/wp-json\/wp\/v2\/users\/1"}],"replies":[{"embeddable":true,"href":"https:\/\/deeperinfo.com\/gonks-fran-boden\/wp-json\/wp\/v2\/comments?post=180"}],"version-history":[{"count":12,"href":"https:\/\/deeperinfo.com\/gonks-fran-boden\/wp-json\/wp\/v2\/pages\/180\/revisions"}],"predecessor-version":[{"id":328,"href":"https:\/\/deeperinfo.com\/gonks-fran-boden\/wp-json\/wp\/v2\/pages\/180\/revisions\/328"}],"wp:attachment":[{"href":"https:\/\/deeperinfo.com\/gonks-fran-boden\/wp-json\/wp\/v2\/media?parent=180"}],"curies":[{"name":"wp","href":"https:\/\/api.w.org\/{rel}","templated":true}]}}