{"id":198,"date":"2014-11-06T14:40:00","date_gmt":"2014-11-06T14:40:00","guid":{"rendered":"http:\/\/www.deeperinfo.com\/gonks-fran-boden\/?page_id=198"},"modified":"2014-11-08T15:34:16","modified_gmt":"2014-11-08T15:34:16","slug":"the-steelmen","status":"publish","type":"page","link":"https:\/\/deeperinfo.com\/gonks-fran-boden\/the-steelmen\/","title":{"rendered":"The Steelmen"},"content":{"rendered":"<p style=\"text-align: center;\"><img loading=\"lazy\" decoding=\"async\" class=\"aligncenter size-full wp-image-201\" src=\"https:\/\/deeperinfo.com\/gonks-fran-boden\/wp-content\/uploads\/2014\/11\/steelmen-hildurs.jpg\" alt=\"The Steelmen fr\u00e5n \u00c4lvsbyn\" width=\"800\" height=\"476\" srcset=\"https:\/\/deeperinfo.com\/gonks-fran-boden\/wp-content\/uploads\/2014\/11\/steelmen-hildurs.jpg 800w, https:\/\/deeperinfo.com\/gonks-fran-boden\/wp-content\/uploads\/2014\/11\/steelmen-hildurs-300x178.jpg 300w, https:\/\/deeperinfo.com\/gonks-fran-boden\/wp-content\/uploads\/2014\/11\/steelmen-hildurs-500x297.jpg 500w\" sizes=\"auto, (max-width: 800px) 100vw, 800px\" \/><\/p>\n<p>&nbsp;<\/p>\n<p style=\"text-align: center;\"><span style=\"font-size: 12pt;\"><strong>The Steelmen vid Pop-Gala &#8211; Sporthallen i Boden 1965<br \/>\n<\/strong><\/span><\/p>\n<p><span style=\"font-family: arial,helvetica,sans-serif; font-size: 10pt;\">&#8220;Poporkestern<strong> The Steelmen<\/strong> fr\u00e5n \u00c4lvsbyn, som l\u00e4t tala om sig bland annat vid ett bejublat framtr\u00e4dande p\u00e5 Nalen i Stockholm, framtr\u00e4der nu med en till h\u00e4lften ny upplaga. Tv\u00e5 av orkestermedlemmarna l\u00e4mnade i augusti orkestern och kvar blev endast orkesterledaren och el-basgitarristen <strong>Ulf Jonsson<\/strong>, 18 \u00e5r, och sologitarristen <strong>Ove Sundstr\u00f6m<\/strong>, 16. Nu har resterande platser fyllts av ungdomar fr\u00e5n residensstaden. De nya i orkestern &#8211; som numera har sin huvudort i Lule\u00e5 &#8211; \u00e4r trummisen<strong> Leif Johansson<\/strong> 19 och kompgitarristen <strong>Bengt-Olov Callin<\/strong> 18. D\u00e4rmed \u00e4r pojkarna \u00e5ter beredda att servera sin ungdomliga publik runt de norr- och v\u00e4sterbottniska bygderna glada poptoner blandat med andra schlagermelodier.<\/span><br \/>\n<span style=\"font-family: arial,helvetica,sans-serif; font-size: 10pt;\">\u00a0<\/span><br \/>\n<span style=\"font-family: arial,helvetica,sans-serif; font-size: 10pt;\">Engagemangen har man varje l\u00f6rdag fram till p\u00e5sk. Det \u00e4r en grupp unga duktiga musiker i The Steelmen. Orkesterledaren Ulf Jonsson beh\u00e4rskar ett flertal instrument och unge sologitarristen Ove Sundstr\u00f6m torde tillh\u00f6ra en av de allra b\u00e4sta i gamet. Det betyget fick han bland annat av en representant f\u00f6r ett av Europas st\u00f6rsta grammofonbolag. De nya i orkestern \u00e4r heller inte n\u00e5gra dunungar i orkestersammanhang. De har spelat n\u00e5gra \u00e5r och beh\u00e4rskar v\u00e4l sina instrument.<\/span><\/p>\n<p><span style=\"font-family: arial,helvetica,sans-serif; font-size: 10pt;\">\u00a0\u00a0\u00a0 &#8211; Genom att vi engagerat tv\u00e5 nya musiker i v\u00e5r orkester fr\u00e5n residensstaden, kommer vi att ha v\u00e5r huvudort i Lule\u00e5, s\u00e4ger orkesterledaren Ulf Jonsson. Detta f\u00f6r att vi skall kunna ordna den samtr\u00e4ning som kr\u00e4vs f\u00f6r att kunna prestera fullgod musik.&#8221;<\/span><\/p>\n<p><span style=\"font-family: arial,helvetica,sans-serif; font-size: 10pt;\">Foto: privat<br \/>\n<\/span><\/p>\n<p><a title=\"the steelmen\" href=\"http:\/\/rogerlindqvist.blogg.se\/2013\/march\/the-steelmen-i-ny-upplaga.html\" target=\"_blank\"><span style=\"font-size: 10pt;\">K\u00e4lla<\/span><\/a><\/p>\n<hr \/>\n<p>&nbsp;<\/p>\n","protected":false},"excerpt":{"rendered":"<p>&nbsp; The Steelmen vid Pop-Gala &#8211; Sporthallen i Boden 1965 &#8220;Poporkestern The Steelmen fr\u00e5n \u00c4lvsbyn, som l\u00e4t tala om sig bland annat vid ett bejublat framtr\u00e4dande p\u00e5 Nalen i Stockholm, framtr\u00e4der nu med en till h\u00e4lften ny upplaga. Tv\u00e5 av &hellip; <a class=\"more-link\" href=\"https:\/\/deeperinfo.com\/gonks-fran-boden\/the-steelmen\/\">Continue reading <span class=\"meta-nav\">&rarr;<\/span><\/a><\/p>\n","protected":false},"author":1,"featured_media":0,"parent":0,"menu_order":0,"comment_status":"open","ping_status":"open","template":"","meta":{"footnotes":""},"class_list":["post-198","page","type-page","status-publish","hentry"],"aioseo_notices":[],"_links":{"self":[{"href":"https:\/\/deeperinfo.com\/gonks-fran-boden\/wp-json\/wp\/v2\/pages\/198","targetHints":{"allow":["GET"]}}],"collection":[{"href":"https:\/\/deeperinfo.com\/gonks-fran-boden\/wp-json\/wp\/v2\/pages"}],"about":[{"href":"https:\/\/deeperinfo.com\/gonks-fran-boden\/wp-json\/wp\/v2\/types\/page"}],"author":[{"embeddable":true,"href":"https:\/\/deeperinfo.com\/gonks-fran-boden\/wp-json\/wp\/v2\/users\/1"}],"replies":[{"embeddable":true,"href":"https:\/\/deeperinfo.com\/gonks-fran-boden\/wp-json\/wp\/v2\/comments?post=198"}],"version-history":[{"count":15,"href":"https:\/\/deeperinfo.com\/gonks-fran-boden\/wp-json\/wp\/v2\/pages\/198\/revisions"}],"predecessor-version":[{"id":231,"href":"https:\/\/deeperinfo.com\/gonks-fran-boden\/wp-json\/wp\/v2\/pages\/198\/revisions\/231"}],"wp:attachment":[{"href":"https:\/\/deeperinfo.com\/gonks-fran-boden\/wp-json\/wp\/v2\/media?parent=198"}],"curies":[{"name":"wp","href":"https:\/\/api.w.org\/{rel}","templated":true}]}}