{"id":357,"date":"2015-01-06T13:44:56","date_gmt":"2015-01-06T13:44:56","guid":{"rendered":"http:\/\/www.deeperinfo.com\/gonks-fran-boden\/?page_id=357"},"modified":"2015-05-14T11:35:33","modified_gmt":"2015-05-14T11:35:33","slug":"gonks-och-replokalen","status":"publish","type":"page","link":"https:\/\/deeperinfo.com\/gonks-fran-boden\/gonks-och-replokalen\/","title":{"rendered":"Gonks och Replokalen i Yrkesskolan"},"content":{"rendered":"<div id=\"attachment_391\" style=\"width: 910px\" class=\"wp-caption aligncenter\"><img loading=\"lazy\" decoding=\"async\" aria-describedby=\"caption-attachment-391\" class=\"wp-image-391 size-full\" src=\"https:\/\/deeperinfo.com\/gonks-fran-boden\/wp-content\/uploads\/2015\/01\/gonks340.jpg\" alt=\"gonks i replokalen\" width=\"900\" height=\"574\" srcset=\"https:\/\/deeperinfo.com\/gonks-fran-boden\/wp-content\/uploads\/2015\/01\/gonks340.jpg 900w, https:\/\/deeperinfo.com\/gonks-fran-boden\/wp-content\/uploads\/2015\/01\/gonks340-300x191.jpg 300w, https:\/\/deeperinfo.com\/gonks-fran-boden\/wp-content\/uploads\/2015\/01\/gonks340-470x300.jpg 470w\" sizes=\"auto, (max-width: 900px) 100vw, 900px\" \/><p id=\"caption-attachment-391\" class=\"wp-caption-text\">Fr.v. Tommy Herdenberg, G\u00f6ran R\u00e5berg, Anders Larsson och Lars Wallst\u00e9n. Plats Yrkesskolan i Boden. Fotograf Leif Nordstr\u00f6m.<\/p><\/div>\n<h1 style=\"text-align: center;\"><span style=\"font-size: 12pt;\"><strong>Gonks och replokalen i Yrkesskolan<\/strong><\/span><\/h1>\n<p><strong>Efter cirka ett halv\u00e5r efter att Gonks b\u00f6rjade \u00f6va tillsammans \u00e5r 1964 s\u00e5 fick vi en riktig replokal v\u00e4rd namnet. Tommys far Bosse konfererade med sin arbetsgivare p\u00e5 Yrkesskolan i Boden och pl\u00f6tsligt s\u00e5 var saken klar. Att f\u00e5 repa i en liten danslokal var inte alla f\u00f6runnat. Bodens Yrkesskola l\u00e5g vid denna tid mitt emot Sandenskolan, direkt p\u00e5 andra sidan j\u00e4rnv\u00e4gen.<\/strong><\/p>\n<p><em>En f\u00f6rdel f\u00f6r arbetsgivaren och \u00f6vrig personal p\u00e5 skolan var att vi endast \u00f6vade p\u00e5 kv\u00e4llstider och helger n\u00e4r skolan var tom. En stor f\u00f6rdel f\u00f6r oss ocks\u00e5 eftersom vi inte beh\u00f6vde t\u00e4nka p\u00e5 ljudvolymen. Dessutom var lokalen en trappa ner i huset vilket d\u00e4mpade ljudet \u00e4nnu mer.<\/em><\/p>\n<p>En annan stor f\u00f6rdel var att vi fick tillg\u00e5ng till ett eget utrymme, n\u00e4mligen skolans skyddsrum, d\u00e4r vi kunde f\u00f6rvara f\u00f6rst\u00e4rkare och annan utrustning. Dessutom l\u00e4t Tommys far <strong>Bosse<\/strong> tillverka en specialbyggd liten vagn \u00e5t oss. Det fixade han genom att l\u00e5ta n\u00e5gra elever p\u00e5 skolan svetsa ihop en k\u00e4rra som exakt gick genom \u00f6ppningen till skyddsrummet d\u00e4r vi f\u00f6rvarade utrustningen.<\/p>\n<p>S\u00e5 det var bara att lasta utrustningen p\u00e5 k\u00e4rran vid den lilla scenen och dra in den i skyddsrummet, l\u00e5sa d\u00f6rren och traska hem\u00e5t. Det var nog inte m\u00e5nga band som hade en s\u00e5 bra replokal som Gonks. Det kunde knappast bli b\u00e4ttre.<\/p>\n<p><span style=\"font-size: 12pt;\"><strong>F\u00f6rst\u00e4rkare m.m.<\/strong><\/span><\/p>\n<p>Vid den h\u00e4r tiden s\u00e5 hade vi hunnit skaffa oss riktiga <strong>Hagstr\u00f6mf\u00f6rst\u00e4rkare<\/strong>. Kanske inte de b\u00e4sta i v\u00e4rlden, men de passade i alla fall v\u00e5r kassa. Tommy och G\u00f6ran delade p\u00e5 den ena f\u00f6rst\u00e4rkaren och gitarrvirtuosen Anders fick ensamr\u00e4tt p\u00e5 den andra.<\/p>\n<p>Mikrofoner, s\u00e5ngf\u00f6rst\u00e4rkare, ekomaskin, s\u00e5ngh\u00f6gtalare och annan utrustning inf\u00f6rskaffades ocks\u00e5. Det mesta k\u00f6ptes p\u00e5 avbetalning, s\u00e5 nu g\u00e4llde det bara att f\u00e5 spelningar s\u00e5 att vi skulle kunna betala allting.<\/p>\n<p><span style=\"font-size: 12pt;\"><strong>Helan \u2013 Popjournalisten<\/strong><\/span><\/p>\n<p>I oktober 1965 fick vi ov\u00e4ntat bes\u00f6k av <strong>Lars-Olof Hel\u00e9n<\/strong>, mer k\u00e4nd som \u201d<strong>Helan<\/strong>\u201d. Han var Norrbottens popskribent nummer ETT och skrev f\u00f6r Norrbottens-Kuriren i Lule\u00e5. Han h\u00f6jde alltid Lule\u00e5-banden till skyarna och Boden-banden fick knappt n\u00e5got utrymme alls i hans tidning. Vilket till viss del framg\u00e5r av den artikel som han skrev om Gonks. Vi blev d\u00e4rf\u00f6r ytterst f\u00f6rv\u00e5nad n\u00e4r han en h\u00f6stkv\u00e4ll d\u00f6k upp i v\u00e5r replokal i Boden. H\u00e4r kan du l\u00e4sa Helans artikel om <strong><a href=\"https:\/\/deeperinfo.com\/gonks-fran-boden\/wp-content\/uploads\/2015\/01\/gonks-artikel-trapp-yrkes.pdf\" target=\"_blank\">Bodens Gonks<\/a><\/strong>. Bilden i artikeln \u00e4r tagen just utanf\u00f6r replokalen.<\/p>\n<p><span style=\"font-size: 12pt;\"><strong>Konsten att Skaffa Basch <img loading=\"lazy\" decoding=\"async\" class=\"alignright size-full wp-image-441\" src=\"https:\/\/deeperinfo.com\/gonks-fran-boden\/wp-content\/uploads\/2015\/01\/dansbandstavl.folkan.jpg\" alt=\"gonks i dansbandst\u00e4vling\" width=\"160\" height=\"420\" srcset=\"https:\/\/deeperinfo.com\/gonks-fran-boden\/wp-content\/uploads\/2015\/01\/dansbandstavl.folkan.jpg 160w, https:\/\/deeperinfo.com\/gonks-fran-boden\/wp-content\/uploads\/2015\/01\/dansbandstavl.folkan-114x300.jpg 114w\" sizes=\"auto, (max-width: 160px) 100vw, 160px\" \/><br \/>\n<\/strong><\/span><\/p>\n<p>Att skaffa basch (spelningar) gick \u00f6ver f\u00f6rv\u00e4ntan. Kanske mest beroende p\u00e5 en kombinerad dansbands- och popbandst\u00e4vling i \u201dgamla\u201d <strong>Folkets Hus<\/strong> i Boden den 5 mars 1965,\u00a0som arrangerades av Sveriges Radio och Svenska Musikerf\u00f6rbundet. De hade n\u00e4mligen bjudit in alla festarrang\u00f6rer av dans- och poptillst\u00e4llningar i hela Norrbotten f\u00f6r att de skulle f\u00e5 en uppfattning om utbudet av b\u00e5de dans- och popband&#8230;fr\u00e5n Boden.<\/p>\n<p><span style=\"font-size: 12pt;\"><strong>Kill Your Darlings<\/strong><\/span><\/p>\n<p>Popbandst\u00e4vlingen i sig var inte det viktigaste, utan h\u00e4r g\u00e4llde det att f\u00e5 basch, eftersom festarrang\u00f6rerna var p\u00e5 plats och instrumenten skulle ju betalas. Varje orkester fick spela tre l\u00e5tar. Efter mycket diskussioner hit och dit beslutade vi att skippa v\u00e5ra favoritl\u00e5tar. \u201d<strong>Kill your darlings<\/strong>\u201d som det heter nu f\u00f6r tiden. Det var b\u00e4ttre att satsa p\u00e5 n\u00e5got som resulterade i mer basch och som vi trodde skulle tilltala dansarrang\u00f6rerna. Allts\u00e5 lite mer dansv\u00e4nliga l\u00e5tar. Det sved, men visade sig \u00e4nd\u00e5 vara ett lyckat drag skulle det visa sig.<\/p>\n<p>Det blev en instrumental l\u00e5t, Anders gitarr-paradnummer och The Ventures succ\u00e9l\u00e5t \u201d<a href=\"http:\/\/en.wikipedia.org\/wiki\/Walk,_Don%27t_Run_%28song%29\" target=\"_blank\">Walk Don\u00b4t Run<\/a>\u201d. En svensk popul\u00e4r l\u00e5t p\u00e5 den tiden,\u00a0Sven-Ingvars succel\u00e5t \u201d<a href=\"http:\/\/sv.wikipedia.org\/wiki\/Min_gitarr\" target=\"_blank\">Min Gitarr<\/a>\u201d, eller Guldgr\u00e4vars\u00e5ngen som den hette i original, senare med omarbetad text av Thore Skogman. Dessutom en amerikansk l\u00e5t \u201d<a href=\"http:\/\/en.wikipedia.org\/wiki\/A_Taste_of_Honey_%28song%29\" target=\"_blank\">A Taste of Honey<\/a>\u201d, skriven av Bobby Scott och Ric Marlow. En mycket popul\u00e4r melodi som spelats in av m\u00e5nga olika artister, bl.a. The Beatles. Vi framf\u00f6rde den dock i ett snabbare tempo, ungef\u00e4r som Herb Alperts senare tolkning av l\u00e5ten, men i s\u00e5ngversion.<\/p>\n<p>N\u00e5v\u00e4l, det verkade som att festarrang\u00f6rerna blev n\u00f6jda, och det var ju det viktigaste. Tyv\u00e4rr kunde vi inte ta s\u00e5 m\u00e5nga spelningar under vintertid som vi blev erbjudna, mest p\u00e5 grund av skolarbetet. Trist tyckte vi alla. Men det blev en hel del basch f\u00f6r Gonks i alla fall. Vi klarade av att betala v\u00e5ra instrument och det var ju det viktigaste.<\/p>\n<p>N\u00e4mnas kan att <span style=\"background-color: #ffff00;\"><strong>Rune Lindstedts orkester<\/strong><\/span> vann uttagningen i Boden samt distriktst\u00e4vlingen i Lule\u00e5. Vid finalen p\u00e5 Konserthuset i Stockholm blev man slutligen vald till Sveriges b\u00e4sta dansband 1965.<\/p>\n<p><span style=\"font-size: 12pt;\"><strong>Rivningshysteri i Boden<\/strong><\/span><\/p>\n<p>Vid ett bes\u00f6k upp till Boden m\u00e5nga \u00e5r senare s\u00e5 uppt\u00e4cker vi, till v\u00e5r stora fasa, att v\u00e5r fina replokal och med den hela yrkesskolan har j\u00e4mnats med marken. Hur kunde detta ske? Skedde det n\u00e5gon <strong>folkomr\u00f6stning<\/strong>? H\u00f6rdes n\u00e5gra protester?<\/p>\n<p>Inte s\u00e5 gott att veta f\u00f6r oss som sedan l\u00e4nge utvandrat till Sollentuna, Solna och M\u00f6lndal. \u00c4ven om vi inte l\u00e4ngre bodde i Boden s\u00e5 k\u00e4ndes det otroligt trist. Numera \u00e4r d\u00e4r en helt annan bebyggelse. Men man kan inte l\u00e5ta bli att \u00e5ka en nostalgisv\u00e4ng f\u00f6rbi n\u00e4r man \u00e4nd\u00e5 \u00e4r p\u00e5 plats.<\/p>\n<p><span style=\"font-size: 12pt;\"><strong>Bodensia<\/strong><\/span><\/p>\n<p>Det visar sig att Bodens kommun har rivit n\u00e4stan alla v\u00e5ra <strong>Gonks-minnen<\/strong>. Inte ens en bild p\u00e5 yrkesskolan finns sparad i Boden kommuns bildarkiv! N\u00e5v\u00e4l, inte bara det. \u00c4ven det sedan urminnes tider v\u00e4lbekanta <strong>Bodensia<\/strong> nere vid j\u00e4rnv\u00e4gsstationen \u00e4r rivet. Byggnaden revs redan 1973. D\u00e4r hade vi v\u00e5rt allra f\u00f6rsta basch den 12 december 1964. Arrang\u00f6r var Lions Club som anordnade &#8220;Lilla Julafton&#8221; en trappa upp i festv\u00e5ningen.<\/p>\n<p><span style=\"font-size: 12pt;\"><strong>Art-Club<\/strong><\/span><\/p>\n<p>Efter restaurangepoken p\u00e5 Bodensia fanns d\u00e4r bl.a. <span style=\"background-color: #ffff00;\"><strong>Art Club<\/strong><\/span>, en mycket popul\u00e4r popklubb hos ungdomarna i b\u00e5de Boden och Lule\u00e5. Popklubben bes\u00f6ktes av de flesta k\u00e4nda pop-grupper i Sverige p\u00e5 den tiden. F\u00f6r oss i Gonks betydde den otroligt mycket eftersom vi var klubbens eget <strong><a href=\"https:\/\/deeperinfo.com\/gonks-fran-boden\/wp-content\/uploads\/2015\/01\/artikel-gonks-vill-inte.jpg \">husband<\/a><\/strong>.<\/p>\n<p>Hur kunde man riva ett s\u00e5dant kulturminnesm\u00e4rke? Det finns ju faktiskt n\u00e5got som heter renovering. Men ordet \u201drenovering\u201d verkar inte finnas i kommunens egen ordlista. Men hur kul \u00e4r det att titta p\u00e5 en byggnad som redan \u00e4r riven undrar vi \u00e5terbes\u00f6kare varje g\u00e5ng vi \u00e4r i Boden!<\/p>\n<p>F\u00f6lj g\u00e4rna med till Facebook och f\u00f6rberedelserna inf\u00f6r utst\u00e4llningen sommaren 2015 i Boden samt inf\u00f6r 50-\u00e5rsfirandet av Art Club 2016, h\u00e4r p\u00e5 <strong><a title=\"Art Club i Boden\" href=\"https:\/\/www.facebook.com\/artclub.boden?fref=ts\" target=\"_blank\">Art Club Facebook<\/a><\/strong>!<\/p>\n<div id=\"attachment_449\" style=\"width: 415px\" class=\"wp-caption aligncenter\"><img loading=\"lazy\" decoding=\"async\" aria-describedby=\"caption-attachment-449\" class=\"wp-image-449 size-full\" src=\"https:\/\/deeperinfo.com\/gonks-fran-boden\/wp-content\/uploads\/2015\/01\/art-club.jpg\" alt=\"art-club i Boden\" width=\"405\" height=\"383\" srcset=\"https:\/\/deeperinfo.com\/gonks-fran-boden\/wp-content\/uploads\/2015\/01\/art-club.jpg 405w, https:\/\/deeperinfo.com\/gonks-fran-boden\/wp-content\/uploads\/2015\/01\/art-club-300x284.jpg 300w, https:\/\/deeperinfo.com\/gonks-fran-boden\/wp-content\/uploads\/2015\/01\/art-club-317x300.jpg 317w\" sizes=\"auto, (max-width: 405px) 100vw, 405px\" \/><p id=\"caption-attachment-449\" class=\"wp-caption-text\">Art-Club p\u00e5 Kungsgatan i Boden, f.d. Bodensia, byggnaden revs 1973. Foto: Freddy Herdenberg<\/p><\/div>\n<p><span style=\"font-size: 12pt;\"><strong>Bj\u00f6rkn\u00e4s-Parken<\/strong><\/span><\/p>\n<p>\u00c4ven den v\u00e4ldigt popul\u00e4ra och vackra <strong>Bj\u00f6rkn\u00e4s-parken<\/strong> \u00e4r borta. D\u00e4r st\u00e5r dock n\u00e5gra mindre byggnader hoptyckta med varandra, men var \u00e4r parken? Det var ju den vackra parken som bidrog till dess popularitet. Det anrika fiket d\u00e4r man kunde sitta b\u00e5de inomhus eller utomhus.<\/p>\n<p>Den h\u00f6ga utomhus-scenen med alla artister och lokala f\u00f6rm\u00e5gor, som <strong>Gonks<\/strong> t.ex., och andra som deltog i Bj\u00f6rkn\u00e4sparaden varje \u00e5r. Och alla dessa alls\u00e5ngskv\u00e4llar med artister. En f\u00f6reg\u00e5ngare till &#8220;Alls\u00e5ng p\u00e5 Skansen&#8221;. F\u00f6r att inte tala om den otroliga <strong>dansbanan<\/strong> som var hur stor som helst men d\u00e4r det \u00e4nd\u00e5 kunde bli kn\u00f6kfullt.<\/p>\n<p style=\"text-align: center;\"><img loading=\"lazy\" decoding=\"async\" class=\"aligncenter size-full wp-image-506\" src=\"https:\/\/deeperinfo.com\/gonks-fran-boden\/wp-content\/uploads\/2015\/01\/parken.jpg\" alt=\"bj\u00f6rkn\u00e4sparken i boden\" width=\"600\" height=\"276\" srcset=\"https:\/\/deeperinfo.com\/gonks-fran-boden\/wp-content\/uploads\/2015\/01\/parken.jpg 600w, https:\/\/deeperinfo.com\/gonks-fran-boden\/wp-content\/uploads\/2015\/01\/parken-300x138.jpg 300w, https:\/\/deeperinfo.com\/gonks-fran-boden\/wp-content\/uploads\/2015\/01\/parken-500x230.jpg 500w\" sizes=\"auto, (max-width: 600px) 100vw, 600px\" \/><\/p>\n<p><span style=\"font-size: 12pt;\"><strong>Garnis<\/strong><\/span><\/p>\n<p>Jo, vi vet. Man har rivit en massa andra byggnader ocks\u00e5. T.ex. sjukhuset, p\u00e5 den tiden popul\u00e4rt kallad f\u00f6r \u201d<strong>Garnis<\/strong>\u201d efter det tidigare Garnisionssjukhuset. D\u00e4r fotografen <strong>Leif Nordstr\u00f6m<\/strong> tyckte att vi skulle fotografera bilden till v\u00e5rt <strong><a href=\"https:\/\/deeperinfo.com\/gonks-fran-boden\/idolkortet\/\">idolkort<\/a><\/strong>. Lungmottagningen tyckte han passade alldeles utm\u00e4rkt f\u00f6r detta \u00e4ndam\u00e5l.<\/p>\n<p>Varf\u00f6r inte! Ett sjukhus finns ju alltid kvar och dit kan man ju \u00e5ka f\u00f6rbi p\u00e5 en nostalgitur n\u00e4r man kommer till Boden n\u00e5gon g\u00e5ng. Kanske t.o.m. g\u00f6ra ett bes\u00f6k p\u00e5 lungavdelningen. Jaha! J\u00e4mnat med marken d\u00e4r ocks\u00e5!<\/p>\n<p><span style=\"font-size: 12pt;\"><strong>Folkets Hus<\/strong><\/span><\/p>\n<p>Naturligtvis har vi spelat i <strong>Folkets Hus<\/strong> p\u00e5 Kommend\u00f6rsgatan (1912 \u2013 1966) ocks\u00e5. Inte bara i popbands-t\u00e4vlingen. Var man tvungen att \u00f6verge denna fina och anrika byggnad? En otroligt fin lokal som kunde bevarats \u00e4n om Folket Hus-f\u00f6reningen beslutade sig f\u00f6r att Folkets Hus skulle ligga mer centralt i staden. Inget fel i det.<\/p>\n<p>Av n\u00e5gon outgrundlig anledning som vi inte kan f\u00f6rst\u00e5 s\u00e5 rev man inte denna g\u00e5ng. Sk\u00f6nt! Man s\u00e5lde ist\u00e4llet, eller hyrde ut. Smart! Men gamla <strong>Folkan<\/strong> \u00e4r \u00e4nd\u00e5 borta, ombyggd till bost\u00e4der. Finns inget att titta p\u00e5 d\u00e4r heller.<\/p>\n<div id=\"attachment_444\" style=\"width: 630px\" class=\"wp-caption aligncenter\"><img loading=\"lazy\" decoding=\"async\" aria-describedby=\"caption-attachment-444\" class=\"wp-image-444 size-full\" src=\"https:\/\/deeperinfo.com\/gonks-fran-boden\/wp-content\/uploads\/2015\/01\/folkets-hus-2-2012.jpg\" alt=\"folkets hus Boden\" width=\"620\" height=\"405\" srcset=\"https:\/\/deeperinfo.com\/gonks-fran-boden\/wp-content\/uploads\/2015\/01\/folkets-hus-2-2012.jpg 620w, https:\/\/deeperinfo.com\/gonks-fran-boden\/wp-content\/uploads\/2015\/01\/folkets-hus-2-2012-300x196.jpg 300w, https:\/\/deeperinfo.com\/gonks-fran-boden\/wp-content\/uploads\/2015\/01\/folkets-hus-2-2012-459x300.jpg 459w\" sizes=\"auto, (max-width: 620px) 100vw, 620px\" \/><p id=\"caption-attachment-444\" class=\"wp-caption-text\">F.d. Folkets Hus (f\u00f6re ombyggnad) p\u00e5 Kommend\u00f6rsgatan i Boden 2012<\/p><\/div>\n<p><span style=\"font-size: 12pt;\"><strong>\u00c4n Finns Hopp?<\/strong><\/span><\/p>\n<p>Men det finns i alla fall lite att gl\u00e4dja sig \u00e5t. <strong>Nya Bodensia<\/strong> finns ju fortfarande kvar, om \u00e4nd\u00e5 inte s\u00e5 &#8220;ny&#8221; idag.\u00a0D\u00e4r spelade vi i Forumsalen den 5 november 1966. En danskv\u00e4ll anordnad av BBK.<\/p>\n<p>Sporthallen (<strong>Hildursborg<\/strong>) d\u00e4r vi spelade p\u00e5 n\u00e5gra pop-galor finns kvar och d\u00e4r medverkade vi \u00e4ven i ett radioprogram (<strong><a href=\"https:\/\/deeperinfo.com\/gonks-fran-boden\/wp-content\/uploads\/2015\/01\/Festlig-Fritid-1965-10-08..jpg\">Festlig Fritid<\/a><\/strong>) som spelades in i matsalen.<\/p>\n<p><strong>Oscar II:s Soldathem<\/strong> finns ju fortfarande kvar. D\u00e4r spelade vi p\u00e5 n\u00e5gon slags s\u00e4songavslutning inf\u00f6r massvis med bev\u00e4ringar p\u00e5 Luciadagen 13 december 1966.<\/p>\n<p><strong>Kungsgatan<\/strong> \u00e4r kvar! D\u00e4r spelade <strong>Gonks<\/strong> p\u00e5 ett lastbilsflak under <strong>Bodenfestivalen<\/strong> 3 juli 1965. S\u00e5 det \u00e4r kanske inte helt k\u00f6rt f\u00f6r Boden. Nu f\u00f6r tiden \u00e4r det bara tv\u00e5 byggnader vi spanar in n\u00e4r vi kommer till stan. <strong>Kyrkan och j\u00e4rnv\u00e4gsstationen<\/strong>. Om bara dom f\u00e5r vara kvar s\u00e5 finns det kanske fortfarande lite hopp f\u00f6r Boden \ud83d\ude42<br \/>\n<a href=\"https:\/\/deeperinfo.com\/gonks-fran-boden\/wp-content\/uploads\/2015\/01\/spacer.jpg\"><img loading=\"lazy\" decoding=\"async\" class=\"aligncenter size-full wp-image-454\" src=\"https:\/\/deeperinfo.com\/gonks-fran-boden\/wp-content\/uploads\/2015\/01\/spacer.jpg\" alt=\"spacer\" width=\"30\" height=\"30\" \/><\/a><\/p>\n<hr \/>\n","protected":false},"excerpt":{"rendered":"<p>Gonks och replokalen i Yrkesskolan Efter cirka ett halv\u00e5r efter att Gonks b\u00f6rjade \u00f6va tillsammans \u00e5r 1964 s\u00e5 fick vi en riktig replokal v\u00e4rd namnet. Tommys far Bosse konfererade med sin arbetsgivare p\u00e5 Yrkesskolan i Boden och pl\u00f6tsligt s\u00e5 var &hellip; <a class=\"more-link\" href=\"https:\/\/deeperinfo.com\/gonks-fran-boden\/gonks-och-replokalen\/\">Continue reading <span class=\"meta-nav\">&rarr;<\/span><\/a><\/p>\n","protected":false},"author":1,"featured_media":0,"parent":0,"menu_order":0,"comment_status":"open","ping_status":"open","template":"","meta":{"footnotes":""},"class_list":["post-357","page","type-page","status-publish","hentry"],"aioseo_notices":[],"_links":{"self":[{"href":"https:\/\/deeperinfo.com\/gonks-fran-boden\/wp-json\/wp\/v2\/pages\/357","targetHints":{"allow":["GET"]}}],"collection":[{"href":"https:\/\/deeperinfo.com\/gonks-fran-boden\/wp-json\/wp\/v2\/pages"}],"about":[{"href":"https:\/\/deeperinfo.com\/gonks-fran-boden\/wp-json\/wp\/v2\/types\/page"}],"author":[{"embeddable":true,"href":"https:\/\/deeperinfo.com\/gonks-fran-boden\/wp-json\/wp\/v2\/users\/1"}],"replies":[{"embeddable":true,"href":"https:\/\/deeperinfo.com\/gonks-fran-boden\/wp-json\/wp\/v2\/comments?post=357"}],"version-history":[{"count":112,"href":"https:\/\/deeperinfo.com\/gonks-fran-boden\/wp-json\/wp\/v2\/pages\/357\/revisions"}],"predecessor-version":[{"id":573,"href":"https:\/\/deeperinfo.com\/gonks-fran-boden\/wp-json\/wp\/v2\/pages\/357\/revisions\/573"}],"wp:attachment":[{"href":"https:\/\/deeperinfo.com\/gonks-fran-boden\/wp-json\/wp\/v2\/media?parent=357"}],"curies":[{"name":"wp","href":"https:\/\/api.w.org\/{rel}","templated":true}]}}