{"id":41,"date":"2014-10-24T18:45:29","date_gmt":"2014-10-24T18:45:29","guid":{"rendered":"http:\/\/www.deeperinfo.com\/gonks-fran-boden\/?page_id=41"},"modified":"2014-12-10T11:21:47","modified_gmt":"2014-12-10T11:21:47","slug":"hakan-sterner","status":"publish","type":"page","link":"https:\/\/deeperinfo.com\/gonks-fran-boden\/hakan-sterner\/","title":{"rendered":"H\u00e5kan Sterner &#8211; Gonks"},"content":{"rendered":"<p style=\"text-align: center;\"><img loading=\"lazy\" decoding=\"async\" class=\"aligncenter size-full wp-image-50\" src=\"https:\/\/deeperinfo.com\/gonks-fran-boden\/wp-content\/uploads\/2014\/10\/gonksartclub1ny4.jpg\" alt=\"Gonks\" width=\"900\" height=\"525\" srcset=\"https:\/\/deeperinfo.com\/gonks-fran-boden\/wp-content\/uploads\/2014\/10\/gonksartclub1ny4.jpg 900w, https:\/\/deeperinfo.com\/gonks-fran-boden\/wp-content\/uploads\/2014\/10\/gonksartclub1ny4-300x175.jpg 300w, https:\/\/deeperinfo.com\/gonks-fran-boden\/wp-content\/uploads\/2014\/10\/gonksartclub1ny4-500x291.jpg 500w\" sizes=\"auto, (max-width: 900px) 100vw, 900px\" \/><\/p>\n<p style=\"text-align: left;\"><span style=\"font-family: arial,helvetica,sans-serif; font-size: 12pt;\"><strong>H\u00e5kan Sterner d\u00f6k upp i Gonks som genom ett trollslag. Han hade kommit in p\u00e5 musiklinjen vid Framn\u00e4s Folkh\u00f6gskola som ligger i \u00d6jebyn utanf\u00f6r Pite\u00e5. K\u00e4ra v\u00e4nner i Lule\u00e5 ordnade kontakten och helt pl\u00f6tsligt var vi fem mannar i bandet.<\/strong> <\/span><\/p>\n<p style=\"text-align: left;\"><span style=\"font-family: arial,helvetica,sans-serif; font-size: 12pt;\"><em>H\u00e5kan tillf\u00f6rde mycket musikaliskt kunnande och han behandlade gitarrstr\u00e4ngar och keyboardstangenter som vilken proffsmusiker som helst, trots sina unga \u00e5r. Han hade tidigare turnerat med Malm\u00f6-bandet The Carolines i flera l\u00e4nder, bl.a. i USA.<\/em> <\/span><\/p>\n<p style=\"text-align: left;\"><span style=\"font-family: arial,helvetica,sans-serif; font-size: 12pt;\">Tyv\u00e4rr fick vi inte beh\u00e5lla H\u00e5kan s\u00e5 l\u00e4nge d\u00e5 det visade sig att turnerandet med Gonks och studierna vid Musikskolan var lite sv\u00e5ra att f\u00f6rena. Det var med stor sorg i hj\u00e4rtat som vi fick s\u00e4ga adj\u00f6 till en mycket duktig musiker.<br \/>\n<\/span><\/p>\n<p style=\"text-align: left;\"><em><span style=\"font-family: arial,helvetica,sans-serif;\">Bilden tagen utanf\u00f6r Art-Club i Boden, september 1966.<\/span><\/em><br \/>\n<em> <span style=\"font-family: arial,helvetica,sans-serif;\">Fotograf: Leif Nordstr\u00f6m.<\/span><\/em><\/p>\n<p>&nbsp;<\/p>\n<p style=\"text-align: left;\"><strong>Artikel inf\u00f6rd i Norrbottens-Kuriren december 1966:<\/strong><\/p>\n<p style=\"text-align: left;\"><span style=\"font-family: arial,helvetica,sans-serif;\"><div class=\"ezcol ezcol-one-third\"><span style=\"font-family: times new roman,times;\">I Boden-bandet Gonks har sedan en tid ing\u00e5tt H\u00e5kan Sterner p\u00e5 varierande orgel och gitarr. Han kommer fr\u00e5n Malm\u00f6-bandet Carolines och anledningen till inhoppet bland bodensarna \u00e4r att han studerar vid Framn\u00e4s Folkh\u00f6gskola just nu. Den senaste tiden har han dock inte setts p\u00e5 scen tillsammans med Boden-g\u00e4nget.<\/span><\/span><br \/>\n<span style=\"font-family: times new roman,times;\"> &#8211; Jag kommer inte att spela med Gonks den n\u00e4rmaste tiden, ber\u00e4ttar H\u00e5kan sj\u00e4lv. Anledningen \u00e4r att jag inte har tid f\u00f6r studierna. Vi har det h\u00e5rt just nu och det g\u00e4ller att h\u00e4nga med fr\u00e5n f\u00f6rsta b\u00f6rjan.<\/span><br \/>\n<span style=\"font-family: times new roman,times;\"> H\u00e5kan \u00e4r v\u00e4l den mest bereste musikant vi har i Norrbotten f\u00f6r tillf\u00e4llet. Under tiden i Carolines &#8211; numera nedlagt &#8211; gjorde gruppen v\u00e4rldsomfattande turn\u00e9er. En turn\u00e9 str\u00e4ckte sig \u00f6ver ett helt \u00e5r och halva tiden befann sig orkestern i USA. Den \u00f6vriga tiden gick \u00e5t i Canada, amerikanska baser p\u00e5 Gr\u00f6nland, Tyskland och Jugoslavien. S\u00e5lunda har han spelat pop bakom j\u00e4rnrid\u00e5n.<\/span><br \/>\n<span style=\"font-family: arial,helvetica,sans-serif;\"> <\/div> <div class=\"ezcol ezcol-one-third\"><span style=\"font-family: times new roman,times;\">&#8211; Vi var tre m\u00e5nader i Jugoslavien och de ville bara ha h\u00e5ll-i-g\u00e5ng, s\u00e4ger H\u00e5kan. Vi \u00e5kte i paket tillsammans med n\u00e5gon inhemsk orkester, en trollkarl, jongl\u00f6r eller n\u00e5got liknande och upptr\u00e4dde p\u00e5 biografer eller teatrar.<\/span><\/span><br \/>\n<span style=\"font-family: times new roman,times;\"> &#8211; Det skall n\u00e4mnas att Carolines hade en helt annan repertoar \u00e4n den Gonks i Boden har. Carolines k\u00f6rde mest instrumentalt och d\u00e4r spelade H\u00e5kan enbart gitarr. De hade mycket egna arrangemang och spelade i en mjukare stil.<\/span><br \/>\n<span style=\"font-family: times new roman,times;\"> &#8211; Jag f\u00f6redrar ocks\u00e5 den mjukare stilen, menar H\u00e5kan.<\/span><br \/>\n<span style=\"font-family: times new roman,times;\"> &#8211; Om H\u00e5kan fortsatt med Carolines hade de \u00e5kt tillbaka till USA igen i h\u00f6st. Anledningen till att han slutade var att turn\u00e9randet renderade honom ett mags\u00e5r. Ett par av de \u00f6vriga grabbarna i H\u00e5kans Carolines har ocks\u00e5 fortsatt med spelandet. Kompgitarristen Percy Lindqvist \u00e5terfinns i ett dansg\u00e4ng och trummisen G\u00f6ran Sal\u00e9n &#8220;vikkar&#8221; i olika band.<\/span><br \/>\n<span style=\"font-family: arial,helvetica,sans-serif;\"> <\/div> <div class=\"ezcol ezcol-one-third ezcol-last\"><span style=\"font-family: times new roman,times;\">&#8211; Det \u00e4r inte om\u00f6jligt att jag f\u00f6rs\u00f6ker p\u00e5 nytt med ett Carolines i framtiden, ber\u00e4ttar H\u00e5kan Sterner.<\/span><\/span><br \/>\n<span style=\"font-family: times new roman,times;\"> P\u00e5 fr\u00e5gan om att spela i norra och s\u00f6dra Sverige svarar han:<\/span><br \/>\n<span style=\"font-family: arial,helvetica,sans-serif;\"><span style=\"font-family: times new roman,times;\"> &#8211; Det \u00e4r en betydligt st\u00f6rre marknad s\u00f6der\u00f6ver, men publiken \u00e4r j\u00e4mngammal h\u00e4ruppe och d\u00e4rnere.<\/span><\/div><div class=\"ezcol-divider\"><\/div><\/span><\/p>\n<hr \/>\n<p style=\"text-align: left;\"><span style=\"font-family: arial,helvetica,sans-serif; font-size: 12pt;\">\u00a0<\/span><\/p>\n","protected":false},"excerpt":{"rendered":"<p>H\u00e5kan Sterner d\u00f6k upp i Gonks som genom ett trollslag. Han hade kommit in p\u00e5 musiklinjen vid Framn\u00e4s Folkh\u00f6gskola som ligger i \u00d6jebyn utanf\u00f6r Pite\u00e5. K\u00e4ra v\u00e4nner i Lule\u00e5 ordnade kontakten och helt pl\u00f6tsligt var vi fem mannar i bandet. &hellip; <a class=\"more-link\" href=\"https:\/\/deeperinfo.com\/gonks-fran-boden\/hakan-sterner\/\">Continue reading <span class=\"meta-nav\">&rarr;<\/span><\/a><\/p>\n","protected":false},"author":1,"featured_media":0,"parent":0,"menu_order":0,"comment_status":"open","ping_status":"open","template":"","meta":{"footnotes":""},"class_list":["post-41","page","type-page","status-publish","hentry"],"aioseo_notices":[],"_links":{"self":[{"href":"https:\/\/deeperinfo.com\/gonks-fran-boden\/wp-json\/wp\/v2\/pages\/41","targetHints":{"allow":["GET"]}}],"collection":[{"href":"https:\/\/deeperinfo.com\/gonks-fran-boden\/wp-json\/wp\/v2\/pages"}],"about":[{"href":"https:\/\/deeperinfo.com\/gonks-fran-boden\/wp-json\/wp\/v2\/types\/page"}],"author":[{"embeddable":true,"href":"https:\/\/deeperinfo.com\/gonks-fran-boden\/wp-json\/wp\/v2\/users\/1"}],"replies":[{"embeddable":true,"href":"https:\/\/deeperinfo.com\/gonks-fran-boden\/wp-json\/wp\/v2\/comments?post=41"}],"version-history":[{"count":27,"href":"https:\/\/deeperinfo.com\/gonks-fran-boden\/wp-json\/wp\/v2\/pages\/41\/revisions"}],"predecessor-version":[{"id":330,"href":"https:\/\/deeperinfo.com\/gonks-fran-boden\/wp-json\/wp\/v2\/pages\/41\/revisions\/330"}],"wp:attachment":[{"href":"https:\/\/deeperinfo.com\/gonks-fran-boden\/wp-json\/wp\/v2\/media?parent=41"}],"curies":[{"name":"wp","href":"https:\/\/api.w.org\/{rel}","templated":true}]}}