{"id":520,"date":"2015-03-25T19:16:13","date_gmt":"2015-03-25T19:16:13","guid":{"rendered":"http:\/\/www.deeperinfo.com\/gonks-fran-boden\/?page_id=520"},"modified":"2015-03-26T18:44:00","modified_gmt":"2015-03-26T18:44:00","slug":"the-spotlites","status":"publish","type":"page","link":"https:\/\/deeperinfo.com\/gonks-fran-boden\/the-spotlites\/","title":{"rendered":"The Spotlites"},"content":{"rendered":"<p><a href=\"https:\/\/deeperinfo.com\/gonks-fran-boden\/wp-content\/uploads\/2015\/03\/spotlites.jpg\"><img loading=\"lazy\" decoding=\"async\" class=\"aligncenter size-full wp-image-523\" src=\"https:\/\/deeperinfo.com\/gonks-fran-boden\/wp-content\/uploads\/2015\/03\/spotlites.jpg\" alt=\"spotlites\" width=\"900\" height=\"543\" srcset=\"https:\/\/deeperinfo.com\/gonks-fran-boden\/wp-content\/uploads\/2015\/03\/spotlites.jpg 900w, https:\/\/deeperinfo.com\/gonks-fran-boden\/wp-content\/uploads\/2015\/03\/spotlites-300x181.jpg 300w, https:\/\/deeperinfo.com\/gonks-fran-boden\/wp-content\/uploads\/2015\/03\/spotlites-497x300.jpg 497w\" sizes=\"auto, (max-width: 900px) 100vw, 900px\" \/><\/a><\/p>\n<p style=\"text-align: center;\">Fr.v. Arne Yttling, Thomas \u00d6hrn och Tom Idenstedt<\/p>\n<p><span style=\"font-size: 12pt;\"><strong>The Spotlites<\/strong><\/span><\/p>\n<p>Bodens f\u00f6rrsta popband. Bandet bildades medan de internationella soloartisterna fortfarande dominerade skivmarknaden innan de renodlade engelska popbanden som bl.a. The Beatles och Gerry and The Pacemakers gjorde sitt int\u00e5g. Elvis Presley och engelsmannen Tommy Steele k\u00e4mpade d\u00e5 \u00e4ven i Boden om att ben\u00e4mnas The King of Rock n&#8217; Roll.<\/p>\n<p>En annan artist var engelsmannen Cliff Richard som med sitt kompband The Shadows ocks\u00e5 placerade sig h\u00f6gt p\u00e5 hitlistorna. The Spotlites kom myckat att pr\u00e4glas av just The Shadows. Till en b\u00f6rjan bestod repertoaren d\u00e4rf\u00f6r mesta av Shadowsl\u00e5tar samt \u00e4ven av andra instrumentala melodier och Arne Yttling p\u00e5 sologitarr blev Bodens egen Hank B Marvin (Shadows sologitarrist).<\/p>\n<p>Bandmedlemmarna var som n\u00e4mnts Arne Yttling p\u00e5 sologitarr samt Thomas \u00d6hrn p\u00e5 kompgitarr och Tom Idenstedt p\u00e5 trummmor. Alla tre spelade \u00e4ven med i Bodens skolorkester. Arne p\u00e5 kontrabas men \u00e4ven p\u00e5 trummor n\u00e4r skolorkestern deltog i diverse festligheter och upptr\u00e4dde som en mer renodlad marschorkester. Thomas spelade klarinett och Tom p\u00e5 trummor.<\/p>\n<p>Spotlites med denna s\u00e4ttning var aktiva i ungef\u00e4r tv\u00e5 \u00e5r och deltog \u00e4ven i den d\u00e5 s\u00e5 omtalade talangt\u00e4vlingen Bj\u00f6rkn\u00e4sparaden som \u00e4gde rum varje sommar i den vackra Bj\u00f6rkn\u00e4sparken. Tyv\u00e4rr inte mycket kvar av den parken idag. Senare ersatte Dick Ask p\u00e5 trummor, \u00e4ven han medlem i skolorkestern och tillkom senare \u00c5ke Sundberg p\u00e5 keyboard. Vid diverse tillf\u00e4llen deltog \u00e4ven Christer Nor\u00e9n p\u00e5 elbas.<\/p>\n<hr \/>\n<p>&nbsp;<\/p>\n","protected":false},"excerpt":{"rendered":"<p>Fr.v. Arne Yttling, Thomas \u00d6hrn och Tom Idenstedt The Spotlites Bodens f\u00f6rrsta popband. Bandet bildades medan de internationella soloartisterna fortfarande dominerade skivmarknaden innan de renodlade engelska popbanden som bl.a. The Beatles och Gerry and The Pacemakers gjorde sitt int\u00e5g. Elvis &hellip; <a class=\"more-link\" href=\"https:\/\/deeperinfo.com\/gonks-fran-boden\/the-spotlites\/\">Continue reading <span class=\"meta-nav\">&rarr;<\/span><\/a><\/p>\n","protected":false},"author":1,"featured_media":0,"parent":0,"menu_order":0,"comment_status":"open","ping_status":"open","template":"","meta":{"footnotes":""},"class_list":["post-520","page","type-page","status-publish","hentry"],"aioseo_notices":[],"_links":{"self":[{"href":"https:\/\/deeperinfo.com\/gonks-fran-boden\/wp-json\/wp\/v2\/pages\/520","targetHints":{"allow":["GET"]}}],"collection":[{"href":"https:\/\/deeperinfo.com\/gonks-fran-boden\/wp-json\/wp\/v2\/pages"}],"about":[{"href":"https:\/\/deeperinfo.com\/gonks-fran-boden\/wp-json\/wp\/v2\/types\/page"}],"author":[{"embeddable":true,"href":"https:\/\/deeperinfo.com\/gonks-fran-boden\/wp-json\/wp\/v2\/users\/1"}],"replies":[{"embeddable":true,"href":"https:\/\/deeperinfo.com\/gonks-fran-boden\/wp-json\/wp\/v2\/comments?post=520"}],"version-history":[{"count":5,"href":"https:\/\/deeperinfo.com\/gonks-fran-boden\/wp-json\/wp\/v2\/pages\/520\/revisions"}],"predecessor-version":[{"id":527,"href":"https:\/\/deeperinfo.com\/gonks-fran-boden\/wp-json\/wp\/v2\/pages\/520\/revisions\/527"}],"wp:attachment":[{"href":"https:\/\/deeperinfo.com\/gonks-fran-boden\/wp-json\/wp\/v2\/media?parent=520"}],"curies":[{"name":"wp","href":"https:\/\/api.w.org\/{rel}","templated":true}]}}