{"id":530,"date":"2015-05-11T14:33:29","date_gmt":"2015-05-11T14:33:29","guid":{"rendered":"http:\/\/www.deeperinfo.com\/gonks-fran-boden\/?page_id=530"},"modified":"2023-01-29T13:17:18","modified_gmt":"2023-01-29T13:17:18","slug":"gitarrmassan-2015-i-goteborg","status":"publish","type":"page","link":"https:\/\/deeperinfo.com\/gonks-fran-boden\/gitarrmassan-2015-i-goteborg\/","title":{"rendered":"Gitarrm\u00e4ssan 2015 i G\u00f6teborg"},"content":{"rendered":"<p><span style=\"font-size: 12pt;\"><strong>Fuzz Gitarrm\u00e4ssa 9-10 maj 2015<\/strong><\/span><\/p>\n<p><span style=\"font-family: arial, helvetica, sans-serif; font-size: 12pt;\">Hela Gonks-g\u00e4nget samlade f\u00f6r \u00e5rets gitarm\u00e4ssa i G\u00f6teborg.<\/span><\/p>\n<p style=\"text-align: center;\"><img loading=\"lazy\" decoding=\"async\" class=\"aligncenter size-full wp-image-534\" src=\"https:\/\/deeperinfo.com\/gonks-fran-boden\/wp-content\/uploads\/2015\/05\/gonks-maj2015.jpg\" alt=\"gitarrm\u00e4ssa-gonks-boden\" width=\"900\" height=\"825\" srcset=\"https:\/\/deeperinfo.com\/gonks-fran-boden\/wp-content\/uploads\/2015\/05\/gonks-maj2015.jpg 900w, https:\/\/deeperinfo.com\/gonks-fran-boden\/wp-content\/uploads\/2015\/05\/gonks-maj2015-300x275.jpg 300w, https:\/\/deeperinfo.com\/gonks-fran-boden\/wp-content\/uploads\/2015\/05\/gonks-maj2015-327x300.jpg 327w\" sizes=\"auto, (max-width: 900px) 100vw, 900px\" \/><\/p>\n<p style=\"text-align: center;\"><span style=\"font-family: arial, helvetica, sans-serif; font-size: 10pt;\">Kapellm\u00e4staren, tillika k\u00f6kschefen Lasse bj\u00f6d p\u00e5 dilikatesser. Anders, Lasse och G\u00f6ran\u00a0bakom Tommy.<\/span><\/p>\n<p><strong>Fuzz Gitarrm\u00e4ssa 9-10 maj 2015<\/strong><\/p>\n<p><span style=\"font-family: arial, helvetica, sans-serif; font-size: 12pt;\">Gitarrm\u00e4ssor lockar alltid mycket folk. Denna m\u00e4ssa var inget undantag. Som vanligt lyser ungdomarna med sin fr\u00e5nvaro och medel\u00e5ldern torde ha varit kring 40<\/span><span style=\"font-family: arial, helvetica, sans-serif; font-size: 12pt;\">\u00a0\u00e5r enligt v\u00e5r uppfattning. Samt en del pension\u00e4rer f\u00f6rst\u00e5s, oss inber\u00e4knade.<\/span><\/p>\n<p style=\"text-align: center;\"><img loading=\"lazy\" decoding=\"async\" class=\"aligncenter size-full wp-image-538\" src=\"https:\/\/deeperinfo.com\/gonks-fran-boden\/wp-content\/uploads\/2015\/05\/oversiktsbild-gitarrm\u00e4ssan-2015.jpg\" alt=\"gonks-gitarrm\u00e4ssa\" width=\"900\" height=\"601\" srcset=\"https:\/\/deeperinfo.com\/gonks-fran-boden\/wp-content\/uploads\/2015\/05\/oversiktsbild-gitarrm\u00e4ssan-2015.jpg 900w, https:\/\/deeperinfo.com\/gonks-fran-boden\/wp-content\/uploads\/2015\/05\/oversiktsbild-gitarrm\u00e4ssan-2015-300x200.jpg 300w, https:\/\/deeperinfo.com\/gonks-fran-boden\/wp-content\/uploads\/2015\/05\/oversiktsbild-gitarrm\u00e4ssan-2015-449x300.jpg 449w\" sizes=\"auto, (max-width: 900px) 100vw, 900px\" \/><\/p>\n<p><span style=\"font-family: arial, helvetica, sans-serif; font-size: 12pt;\">Enligt f\u00f6rteckningen deltog 94 utst\u00e4llare. Dock inte bara gitarrer utan \u00e4ven en del firmor med kringutrustning. Men allt var inriktat p\u00e5 <\/span><span style=\"font-family: arial, helvetica, sans-serif; font-size: 12pt;\">gitarrer, b\u00e5de elektriska och akustiska. F\u00f6rst\u00e4rkare fanns dock i en del montrar, men v\u00e4ldigt sparsamt. Dock kunde man konstatera <\/span><span style=\"font-family: arial, helvetica, sans-serif; font-size: 12pt;\">att Fender hade n\u00e5gra f\u00f6rst\u00e4rkare p\u00e5 plats, dock inte de nya digitala Mustangf\u00f6rst\u00e4rkarna vilket k\u00e4ndes lite trist. men som sagt, det <\/span><span style=\"font-family: arial, helvetica, sans-serif; font-size: 12pt;\">var ju en gitarrm\u00e4ssa.<\/span><\/p>\n<p style=\"text-align: center;\"><img loading=\"lazy\" decoding=\"async\" class=\"aligncenter size-full wp-image-541\" src=\"https:\/\/deeperinfo.com\/gonks-fran-boden\/wp-content\/uploads\/2015\/05\/digital-f\u00f6rst\u00e4rkare.jpg\" alt=\"gonks-p\u00e5-gitarrm\u00e4ssa\" width=\"900\" height=\"733\" srcset=\"https:\/\/deeperinfo.com\/gonks-fran-boden\/wp-content\/uploads\/2015\/05\/digital-f\u00f6rst\u00e4rkare.jpg 900w, https:\/\/deeperinfo.com\/gonks-fran-boden\/wp-content\/uploads\/2015\/05\/digital-f\u00f6rst\u00e4rkare-300x244.jpg 300w, https:\/\/deeperinfo.com\/gonks-fran-boden\/wp-content\/uploads\/2015\/05\/digital-f\u00f6rst\u00e4rkare-368x300.jpg 368w\" sizes=\"auto, (max-width: 900px) 100vw, 900px\" \/><\/p>\n<p><span style=\"font-family: arial, helvetica, sans-serif; font-size: 12pt;\">Dock uppt\u00e4ckte vi efter ett tag att en del tillverkare\/representanter hade bokat egna rum en v\u00e5ning upp. D\u00e4r hittade Anders, till v\u00e4nster,\u00a0<\/span><span style=\"font-family: arial, helvetica, sans-serif; font-size: 12pt;\">en agent som demonstrerade en ny digitalf\u00f6rst\u00e4rkre, <a href=\"http:\/\/geldernamp.com\/produkter.html\" target=\"_blank\" rel=\"noopener\">Geldern Amplifier,<\/a>\u00a0som snart kommer ut p\u00e5 marknaden.\u00a0Den har\u00a0analog signalkedja och digital styrning. Kanske inget f\u00f6r oss, men alltid intressant med det digitala int\u00e5get i branschen.<\/span><\/p>\n<p><span style=\"font-family: arial, helvetica, sans-serif; font-size: 12pt;\">Det mest i\u00f6gonfallande var v\u00e4l att s\u00e5 m\u00e5nga fabrikanter tagit upp 8-str\u00e4ngade gitarrer p\u00e5 &#8220;repertoaren&#8221;. Ibanez hade flest urval, b\u00e5de 7-, 8- och 9-str\u00e4ngade gitarrer samt 5-, 6- och 7-str\u00e4ngade basar. Bl.a. Schecter och Washburn hade 7- och 8-str\u00e4ngat de ocks\u00e5. Men fr\u00e5gan \u00e4r ju hur m\u00e5nga <\/span><span style=\"font-family: arial, helvetica, sans-serif; font-size: 12pt;\">som kommer att k\u00f6pa dessa gitarrer. M\u00e5ste vara lite sv\u00e5rt med barr\u00e9ackorden&#8230;<\/span><\/p>\n<p style=\"text-align: center;\"><img loading=\"lazy\" decoding=\"async\" class=\"aligncenter size-full wp-image-543\" src=\"https:\/\/deeperinfo.com\/gonks-fran-boden\/wp-content\/uploads\/2015\/05\/gibson-monter-gitarrm\u00e4ssan.jpg\" alt=\"gibson-gitarrmassa-gonks\" width=\"900\" height=\"617\" srcset=\"https:\/\/deeperinfo.com\/gonks-fran-boden\/wp-content\/uploads\/2015\/05\/gibson-monter-gitarrm\u00e4ssan.jpg 900w, https:\/\/deeperinfo.com\/gonks-fran-boden\/wp-content\/uploads\/2015\/05\/gibson-monter-gitarrm\u00e4ssan-300x206.jpg 300w, https:\/\/deeperinfo.com\/gonks-fran-boden\/wp-content\/uploads\/2015\/05\/gibson-monter-gitarrm\u00e4ssan-438x300.jpg 438w\" sizes=\"auto, (max-width: 900px) 100vw, 900px\" \/><\/p>\n<p><span style=\"font-family: arial, helvetica, sans-serif; font-size: 12pt;\">De tv\u00e5 stora j\u00e4ttarna Fender och Gibson hade b\u00e4sta placeringen direkt innanf\u00f6r ing\u00e5ngen. Gibson tar hem f\u00f6rstapriset n\u00e4r det g\u00e4ller <\/span><span style=\"font-family: arial, helvetica, sans-serif; font-size: 12pt;\">exponering med sin megabild av en Gibson Les Paul Classic 2015 i fireburst-utf\u00f6rande f\u00f6r cirka 20.000 kronor. Men Fender, bilden nedan, tog v\u00e4l <\/span><span style=\"font-family: arial, helvetica, sans-serif; font-size: 12pt;\">hem priset f\u00f6r flest antal gitarrer p\u00e5 plats.<\/span><\/p>\n<p style=\"text-align: center;\"><img loading=\"lazy\" decoding=\"async\" class=\"aligncenter size-full wp-image-545\" src=\"https:\/\/deeperinfo.com\/gonks-fran-boden\/wp-content\/uploads\/2015\/05\/fender-monter-gitarrmassan.jpg\" alt=\"fender-gitarrmassa-gonks\" width=\"900\" height=\"429\" srcset=\"https:\/\/deeperinfo.com\/gonks-fran-boden\/wp-content\/uploads\/2015\/05\/fender-monter-gitarrmassan.jpg 900w, https:\/\/deeperinfo.com\/gonks-fran-boden\/wp-content\/uploads\/2015\/05\/fender-monter-gitarrmassan-300x143.jpg 300w, https:\/\/deeperinfo.com\/gonks-fran-boden\/wp-content\/uploads\/2015\/05\/fender-monter-gitarrmassan-500x238.jpg 500w\" sizes=\"auto, (max-width: 900px) 100vw, 900px\" \/><\/p>\n<p><span style=\"font-family: arial, helvetica, sans-serif; font-size: 12pt;\">Ut\u00f6ver de tv\u00e5 gitarrj\u00e4ttarna s\u00e5 fanns ytterligare ett 50-tal gitarrfabrikat p\u00e5 plats. Mest v\u00e4lk\u00e4nda \u00e4r kanske Gretch, Hagstr\u00f6m <\/span><span style=\"font-family: arial, helvetica, sans-serif; font-size: 12pt;\">(Kinatillverkad numera), H\u00f6fner, Ibanez (bilden nedan), Jackson, Music Man, PRS, Schecter, Washburn, Danalectro, Peavey samt G&amp;L (Leo <\/span><span style=\"font-family: arial, helvetica, sans-serif; font-size: 12pt;\">Fenders gitarrm\u00e4rke efter att han s\u00e5lde Fenderfabriken).<\/span><\/p>\n<p style=\"text-align: center;\"><img loading=\"lazy\" decoding=\"async\" class=\"aligncenter size-full wp-image-547\" src=\"https:\/\/deeperinfo.com\/gonks-fran-boden\/wp-content\/uploads\/2015\/05\/ibanez-monter.jpg\" alt=\"ibanez-guitars-massan-goteborg\" width=\"900\" height=\"601\" srcset=\"https:\/\/deeperinfo.com\/gonks-fran-boden\/wp-content\/uploads\/2015\/05\/ibanez-monter.jpg 900w, https:\/\/deeperinfo.com\/gonks-fran-boden\/wp-content\/uploads\/2015\/05\/ibanez-monter-300x200.jpg 300w, https:\/\/deeperinfo.com\/gonks-fran-boden\/wp-content\/uploads\/2015\/05\/ibanez-monter-449x300.jpg 449w\" sizes=\"auto, (max-width: 900px) 100vw, 900px\" \/><\/p>\n<p><span style=\"font-family: arial, helvetica, sans-serif; font-size: 12pt;\">N\u00e4mnas b\u00f6r kanske <strong>Green Guitars, <\/strong>ej p\u00e5 bild. Ett nytt svenskt gitarrm\u00e4rke som importerar sina gitarrer fr\u00e5n Syd-Korea till starkt <\/span><span style=\"font-family: arial, helvetica, sans-serif; font-size: 12pt;\">konkurrenskraftiga priser. Bland de akustiska gitarrerna s\u00e5 fanns de v\u00e4lk\u00e4nda Taylor Guitars, Martin, Alhambra, Blueridge, Takamine, <\/span><span style=\"font-family: arial, helvetica, sans-serif; font-size: 12pt;\">Tanglewood m.fl.<\/span><\/p>\n<p style=\"text-align: center;\"><img loading=\"lazy\" decoding=\"async\" class=\"aligncenter size-full wp-image-551\" src=\"https:\/\/deeperinfo.com\/gonks-fran-boden\/wp-content\/uploads\/2015\/05\/lundgren-pickups.jpg\" alt=\"gitarrmassan-lundgren-pickups\" width=\"622\" height=\"700\" srcset=\"https:\/\/deeperinfo.com\/gonks-fran-boden\/wp-content\/uploads\/2015\/05\/lundgren-pickups.jpg 622w, https:\/\/deeperinfo.com\/gonks-fran-boden\/wp-content\/uploads\/2015\/05\/lundgren-pickups-267x300.jpg 267w\" sizes=\"auto, (max-width: 622px) 100vw, 622px\" \/><\/p>\n<p><span style=\"font-family: arial, helvetica, sans-serif; font-size: 12pt;\"><strong>Lundgren Guitar Pickups<\/strong> var p\u00e5 plats och demonstrerade sina gitarrmickar. H\u00e4r testar Tommy lite olika mickar. Gitarren var <\/span><span style=\"font-family: arial, helvetica, sans-serif; font-size: 12pt;\">konstruerad s\u00e5 att man enkelt kunde byta mickar. Med hj\u00e4lp en slags &#8220;sl\u00e4de&#8221; sk\u00f6t man in den nya micken p\u00e5 plats.<\/span><\/p>\n<hr \/>\n","protected":false},"excerpt":{"rendered":"<p>Fuzz Gitarrm\u00e4ssa 9-10 maj 2015 Hela Gonks-g\u00e4nget samlade f\u00f6r \u00e5rets gitarm\u00e4ssa i G\u00f6teborg. Kapellm\u00e4staren, tillika k\u00f6kschefen Lasse bj\u00f6d p\u00e5 dilikatesser. Anders, Lasse och G\u00f6ran\u00a0bakom Tommy. Fuzz Gitarrm\u00e4ssa 9-10 maj 2015 Gitarrm\u00e4ssor lockar alltid mycket folk. Denna m\u00e4ssa var inget undantag. &hellip; <a class=\"more-link\" href=\"https:\/\/deeperinfo.com\/gonks-fran-boden\/gitarrmassan-2015-i-goteborg\/\">Continue reading <span class=\"meta-nav\">&rarr;<\/span><\/a><\/p>\n","protected":false},"author":1,"featured_media":0,"parent":0,"menu_order":0,"comment_status":"open","ping_status":"open","template":"","meta":{"footnotes":""},"class_list":["post-530","page","type-page","status-publish","hentry"],"aioseo_notices":[],"_links":{"self":[{"href":"https:\/\/deeperinfo.com\/gonks-fran-boden\/wp-json\/wp\/v2\/pages\/530","targetHints":{"allow":["GET"]}}],"collection":[{"href":"https:\/\/deeperinfo.com\/gonks-fran-boden\/wp-json\/wp\/v2\/pages"}],"about":[{"href":"https:\/\/deeperinfo.com\/gonks-fran-boden\/wp-json\/wp\/v2\/types\/page"}],"author":[{"embeddable":true,"href":"https:\/\/deeperinfo.com\/gonks-fran-boden\/wp-json\/wp\/v2\/users\/1"}],"replies":[{"embeddable":true,"href":"https:\/\/deeperinfo.com\/gonks-fran-boden\/wp-json\/wp\/v2\/comments?post=530"}],"version-history":[{"count":33,"href":"https:\/\/deeperinfo.com\/gonks-fran-boden\/wp-json\/wp\/v2\/pages\/530\/revisions"}],"predecessor-version":[{"id":658,"href":"https:\/\/deeperinfo.com\/gonks-fran-boden\/wp-json\/wp\/v2\/pages\/530\/revisions\/658"}],"wp:attachment":[{"href":"https:\/\/deeperinfo.com\/gonks-fran-boden\/wp-json\/wp\/v2\/media?parent=530"}],"curies":[{"name":"wp","href":"https:\/\/api.w.org\/{rel}","templated":true}]}}