{"id":9,"date":"2014-04-09T15:04:37","date_gmt":"2014-04-09T15:04:37","guid":{"rendered":"http:\/\/www.deeperinfo.com\/gonks-fran-boden\/?page_id=9"},"modified":"2015-05-12T14:30:46","modified_gmt":"2015-05-12T14:30:46","slug":"gonks","status":"publish","type":"page","link":"https:\/\/deeperinfo.com\/gonks-fran-boden\/","title":{"rendered":"Gonks &#8211; Fr\u00e5n Boden"},"content":{"rendered":"<p><span style=\"font-size: x-large;\"><strong><span style=\"font-family: verdana,geneva;\">Gonks<\/span><\/strong><\/span><\/p>\n<p><strong><span style=\"font-family: verdana,geneva; font-size: small;\">Gonks, popband fr\u00e5n Boden, Norrbotten.<\/span><\/strong><\/p>\n<p><span style=\"font-family: verdana,geneva; font-size: small;\">Gonks bildades sommaren 1964, och var verksammma till sommaren 1967.<br \/>\n<\/span><br \/>\n<span style=\"font-family: verdana,geneva; font-size: small;\"> Bandet spelade 60-talets pop och rock. Bandmedlemmarna var <strong>Tommy Herdenberg<\/strong>, gitarr och s\u00e5ng, <strong>Anders Larsson<\/strong>, sologitarr,<br \/>\n<strong>G\u00f6ran R\u00e5berg<\/strong>, bas och s\u00e5ng, och <strong>Lars Wallst\u00e9n<\/strong>, trummor och s\u00e5ng. Under en tid var \u00e4ven <strong>H\u00e5kan Sterner<\/strong>, tidigare medlem i The Carolines fr\u00e5n Malm\u00f6, med i bandet p\u00e5 gitarr och keyboard.<\/span><\/p>\n<p><span style=\"font-family: verdana,geneva; font-size: small;\">Gonks bildades under en tid n\u00e4r musiklivet i Norrbotten blomstrade, och m\u00e5nga orkestrar inom olika genrer s\u00e5g dagens ljus. Bandet hade under sin existens cirka 120 kontrakterade spelningar i Norrbotten och V\u00e4sterbotten, och anlitades av i stort sett alla festarrang\u00f6rer i Norrbotten, b\u00e5de f\u00f6r <strong><a href=\"https:\/\/deeperinfo.com\/gonks-fran-boden\/gonks-popgalor-och-danskvaller\/\">popgalor och danskv\u00e4llar<\/a><\/strong>. Man deltog i olika lokala orkestert\u00e4vlingar och i Sveriges Radios popbandst\u00e4vling.<\/span><\/p>\n<p><span style=\"font-family: verdana,geneva; font-size: small;\">N\u00e4r G\u00f6teborgsgruppen Tages \u2013 som d\u00e5 var popul\u00e4rast i Sverige \u2013 turnerade i Norrbotten och V\u00e4sterbotten h\u00f6sten 1965 medverkade Gonks som f\u00f6rband under hela turn\u00e9n. Samma h\u00f6st deltog bandet \u00e4ven i ett radioprogram med titeln \u201dFestlig fritid\u201d, som Sveriges Radio s\u00e4nde fr\u00e5n Boden.<\/span><\/p>\n<p><span style=\"font-family: verdana,geneva; font-size: small;\">Under 1966 turnerade Gonks ofta tillsammans med <strong><a href=\"https:\/\/deeperinfo.com\/gonks-fran-boden\/the-queens-gonks-annonser\/\">The Queens<\/a><\/strong>, ett band fr\u00e5n Lule\u00e5 med enbart kvinnliga medlemmar. Och n\u00e4r popklubben Art Club \u00f6ppnades i Boden h\u00f6sten 1966 blev Gonks klubbens eget husband.<\/span><\/p>\n<p><span style=\"font-family: verdana,geneva; font-size: small;\">I Malm\u00f6 bildades v\u00e5ren 1965 ett band med ett snarlikt namn: The Gonks. B\u00e5da banden ans\u00f6kte hos Kungliga Patent- och Registreringsverket om r\u00e4tten till att anv\u00e4nda namnet Gonks resp. The Gonks.<\/span><\/p>\n<p><span style=\"font-family: verdana,geneva; font-size: small;\">Efter ett antal \u00e5r och juridiska turer ans\u00e5g Patentverket till slut (1968) att bandet Gonks fr\u00e5n Boden var mest lokalt inarbetat, men redan 1967 hade de b\u00e5da banden uppl\u00f6sts.<\/span><\/p>\n<p><span style=\"font-family: verdana,geneva; font-size: small;\"><em>Fotograf Leif Nordstr\u00f6m<\/em><br \/>\n<\/span><br \/>\n<a href=\"https:\/\/deeperinfo.com\/gonks-fran-boden\/wp-content\/uploads\/2015\/01\/spacer.jpg\"><img loading=\"lazy\" decoding=\"async\" class=\"aligncenter size-full wp-image-454\" src=\"https:\/\/deeperinfo.com\/gonks-fran-boden\/wp-content\/uploads\/2015\/01\/spacer.jpg\" alt=\"spacer\" width=\"10\" height=\"10\" \/><\/a><\/p>\n<hr \/>\n","protected":false},"excerpt":{"rendered":"<p>Gonks Gonks, popband fr\u00e5n Boden, Norrbotten. Gonks bildades sommaren 1964, och var verksammma till sommaren 1967. Bandet spelade 60-talets pop och rock. Bandmedlemmarna var Tommy Herdenberg, gitarr och s\u00e5ng, Anders Larsson, sologitarr, G\u00f6ran R\u00e5berg, bas och s\u00e5ng, och Lars Wallst\u00e9n, &hellip; <a class=\"more-link\" href=\"https:\/\/deeperinfo.com\/gonks-fran-boden\/\">Continue reading <span class=\"meta-nav\">&rarr;<\/span><\/a><\/p>\n","protected":false},"author":1,"featured_media":0,"parent":0,"menu_order":0,"comment_status":"open","ping_status":"open","template":"","meta":{"footnotes":""},"class_list":["post-9","page","type-page","status-publish","hentry"],"aioseo_notices":[],"_links":{"self":[{"href":"https:\/\/deeperinfo.com\/gonks-fran-boden\/wp-json\/wp\/v2\/pages\/9","targetHints":{"allow":["GET"]}}],"collection":[{"href":"https:\/\/deeperinfo.com\/gonks-fran-boden\/wp-json\/wp\/v2\/pages"}],"about":[{"href":"https:\/\/deeperinfo.com\/gonks-fran-boden\/wp-json\/wp\/v2\/types\/page"}],"author":[{"embeddable":true,"href":"https:\/\/deeperinfo.com\/gonks-fran-boden\/wp-json\/wp\/v2\/users\/1"}],"replies":[{"embeddable":true,"href":"https:\/\/deeperinfo.com\/gonks-fran-boden\/wp-json\/wp\/v2\/comments?post=9"}],"version-history":[{"count":26,"href":"https:\/\/deeperinfo.com\/gonks-fran-boden\/wp-json\/wp\/v2\/pages\/9\/revisions"}],"predecessor-version":[{"id":570,"href":"https:\/\/deeperinfo.com\/gonks-fran-boden\/wp-json\/wp\/v2\/pages\/9\/revisions\/570"}],"wp:attachment":[{"href":"https:\/\/deeperinfo.com\/gonks-fran-boden\/wp-json\/wp\/v2\/media?parent=9"}],"curies":[{"name":"wp","href":"https:\/\/api.w.org\/{rel}","templated":true}]}}